{"id":27,"date":"2026-02-16T18:52:21","date_gmt":"2026-02-16T18:52:21","guid":{"rendered":"https:\/\/www.hkborgen.no\/portfolio\/"},"modified":"2026-02-26T22:59:27","modified_gmt":"2026-02-26T22:59:27","slug":"portfolio","status":"publish","type":"page","link":"https:\/\/www.hkborgen.no\/en\/portfolio\/","title":{"rendered":"Portfolio"},"content":{"rendered":"<div class=\"wp-block-group alignfull is-style-ext-preset--group--natural-1--section has-tertiary-background-color has-background has-global-padding is-layout-constrained wp-container-core-group-is-layout-f72f1611 wp-block-group-is-layout-constrained\" id=\"gallery\" style=\"margin-top:0;margin-bottom:0;padding-top:var(--wp--preset--spacing--70);padding-bottom:var(--wp--preset--spacing--70)\">\n<div class=\"wp-block-group alignwide is-vertical is-layout-flex wp-container-core-group-is-layout-c35747d5 wp-block-group-is-layout-flex\">\n<div class=\"wp-block-group has-global-padding is-layout-constrained wp-container-core-group-is-layout-5e05634a wp-block-group-is-layout-constrained\">\n<h2 class=\"wp-block-heading\">Prosjektene mine<\/h2>\n\n\n\n<p class=\"has-text-align-left\">Her kan du se de forskjellige prosjektene mine i l\u00f8pet av de siste \u00e5rene. Dette er et lite utvalg av prosjektene jeg har gjennomf\u00f8rt, enten som en del av utdanningen min, eller p\u00e5 eget initiativ.<\/p>\n<\/div>\n<\/div>\n\n\n\n<div class=\"wp-block-columns alignwide are-vertically-aligned-top is-layout-flex wp-container-core-columns-is-layout-87beb0d0 wp-block-columns-is-layout-flex\">\n<div class=\"wp-block-column is-vertically-aligned-top is-layout-flow wp-container-core-column-is-layout-f5bb311e wp-block-column-is-layout-flow\">\n<div class=\"wp-block-cover\"><img loading=\"lazy\" decoding=\"async\" width=\"1440\" height=\"960\" class=\"wp-block-cover__image-background wp-image-37\" alt=\"\" src=\"https:\/\/www.hkborgen.no\/wp-content\/uploads\/2026\/02\/f93e251ee221e42310bfdb5cce109d563a45a003.jpg\" data-object-fit=\"cover\" srcset=\"https:\/\/www.hkborgen.no\/wp-content\/uploads\/2026\/02\/f93e251ee221e42310bfdb5cce109d563a45a003.jpg 1440w, https:\/\/www.hkborgen.no\/wp-content\/uploads\/2026\/02\/f93e251ee221e42310bfdb5cce109d563a45a003-300x200.jpg 300w, https:\/\/www.hkborgen.no\/wp-content\/uploads\/2026\/02\/f93e251ee221e42310bfdb5cce109d563a45a003-1024x683.jpg 1024w, https:\/\/www.hkborgen.no\/wp-content\/uploads\/2026\/02\/f93e251ee221e42310bfdb5cce109d563a45a003-768x512.jpg 768w, https:\/\/www.hkborgen.no\/wp-content\/uploads\/2026\/02\/f93e251ee221e42310bfdb5cce109d563a45a003-18x12.jpg 18w\" sizes=\"auto, (max-width: 1440px) 100vw, 1440px\" \/><span aria-hidden=\"true\" class=\"wp-block-cover__background has-background-dim\"><\/span><div class=\"wp-block-cover__inner-container is-layout-flow wp-block-cover-is-layout-flow\">\n<p class=\"has-text-align-center has-large-font-size\"><a href=\"https:\/\/www.hkborgen.no\/en\/alfa-alfabetboks\/\" title=\"Alfa Alfabetboks\">Alfa <\/a><a href=\"https:\/\/www.hkborgen.no\/en\/alfa-alfabetboks\/\" title=\"Alfa Alfabetspill\">Alfabetspill<\/a><\/p>\n<\/div><\/div>\n\n\n\n<div class=\"wp-block-cover\"><img loading=\"lazy\" decoding=\"async\" width=\"1440\" height=\"960\" class=\"wp-block-cover__image-background wp-image-40\" alt=\"\" src=\"https:\/\/www.hkborgen.no\/wp-content\/uploads\/2026\/02\/99724ac3694df1bf6fa79990e6eb7d527d5b6781.jpg\" data-object-fit=\"cover\" srcset=\"https:\/\/www.hkborgen.no\/wp-content\/uploads\/2026\/02\/99724ac3694df1bf6fa79990e6eb7d527d5b6781.jpg 1440w, https:\/\/www.hkborgen.no\/wp-content\/uploads\/2026\/02\/99724ac3694df1bf6fa79990e6eb7d527d5b6781-300x200.jpg 300w, https:\/\/www.hkborgen.no\/wp-content\/uploads\/2026\/02\/99724ac3694df1bf6fa79990e6eb7d527d5b6781-1024x683.jpg 1024w, https:\/\/www.hkborgen.no\/wp-content\/uploads\/2026\/02\/99724ac3694df1bf6fa79990e6eb7d527d5b6781-768x512.jpg 768w, https:\/\/www.hkborgen.no\/wp-content\/uploads\/2026\/02\/99724ac3694df1bf6fa79990e6eb7d527d5b6781-18x12.jpg 18w\" sizes=\"auto, (max-width: 1440px) 100vw, 1440px\" \/><span aria-hidden=\"true\" class=\"wp-block-cover__background has-background-dim\"><\/span><div class=\"wp-block-cover__inner-container is-layout-flow wp-block-cover-is-layout-flow\">\n<p class=\"has-text-align-center has-large-font-size\"><a href=\"https:\/\/www.hkborgen.no\/en\/3d-printed-elko-replacement-dimmer\/\" title=\"3D printed Elko replacement dimmer\">3D printed Elko replacement dimmer<\/a><\/p>\n<\/div><\/div>\n\n\n\n<div class=\"wp-block-cover\"><img loading=\"lazy\" decoding=\"async\" width=\"1440\" height=\"960\" class=\"wp-block-cover__image-background wp-image-40\" alt=\"\" src=\"https:\/\/www.hkborgen.no\/wp-content\/uploads\/2026\/02\/99724ac3694df1bf6fa79990e6eb7d527d5b6781.jpg\" data-object-fit=\"cover\" srcset=\"https:\/\/www.hkborgen.no\/wp-content\/uploads\/2026\/02\/99724ac3694df1bf6fa79990e6eb7d527d5b6781.jpg 1440w, https:\/\/www.hkborgen.no\/wp-content\/uploads\/2026\/02\/99724ac3694df1bf6fa79990e6eb7d527d5b6781-300x200.jpg 300w, https:\/\/www.hkborgen.no\/wp-content\/uploads\/2026\/02\/99724ac3694df1bf6fa79990e6eb7d527d5b6781-1024x683.jpg 1024w, https:\/\/www.hkborgen.no\/wp-content\/uploads\/2026\/02\/99724ac3694df1bf6fa79990e6eb7d527d5b6781-768x512.jpg 768w, https:\/\/www.hkborgen.no\/wp-content\/uploads\/2026\/02\/99724ac3694df1bf6fa79990e6eb7d527d5b6781-18x12.jpg 18w\" sizes=\"auto, (max-width: 1440px) 100vw, 1440px\" \/><span aria-hidden=\"true\" class=\"wp-block-cover__background has-background-dim\"><\/span><div class=\"wp-block-cover__inner-container is-layout-flow wp-block-cover-is-layout-flow\">\n<p class=\"has-text-align-center has-large-font-size\"><a href=\"https:\/\/www.hkborgen.no\/en\/3d-animation\/\" data-type=\"page\" data-id=\"132\">3D Animation<\/a><\/p>\n<\/div><\/div>\n<\/div>\n\n\n\n<div class=\"wp-block-column is-vertically-aligned-top is-layout-flow wp-container-core-column-is-layout-f5bb311e wp-block-column-is-layout-flow\">\n<div class=\"wp-block-cover\"><img loading=\"lazy\" decoding=\"async\" width=\"1129\" height=\"1440\" class=\"wp-block-cover__image-background wp-image-41\" alt=\"\" src=\"https:\/\/www.hkborgen.no\/wp-content\/uploads\/2026\/02\/dae10f0cdc513acd96bb8ceaeb8463ed2791f08b.jpg\" data-object-fit=\"cover\" srcset=\"https:\/\/www.hkborgen.no\/wp-content\/uploads\/2026\/02\/dae10f0cdc513acd96bb8ceaeb8463ed2791f08b.jpg 1129w, https:\/\/www.hkborgen.no\/wp-content\/uploads\/2026\/02\/dae10f0cdc513acd96bb8ceaeb8463ed2791f08b-235x300.jpg 235w, https:\/\/www.hkborgen.no\/wp-content\/uploads\/2026\/02\/dae10f0cdc513acd96bb8ceaeb8463ed2791f08b-803x1024.jpg 803w, https:\/\/www.hkborgen.no\/wp-content\/uploads\/2026\/02\/dae10f0cdc513acd96bb8ceaeb8463ed2791f08b-768x980.jpg 768w, https:\/\/www.hkborgen.no\/wp-content\/uploads\/2026\/02\/dae10f0cdc513acd96bb8ceaeb8463ed2791f08b-9x12.jpg 9w\" sizes=\"auto, (max-width: 1129px) 100vw, 1129px\" \/><span aria-hidden=\"true\" class=\"wp-block-cover__background has-background-dim\"><\/span><div class=\"wp-block-cover__inner-container is-layout-flow wp-block-cover-is-layout-flow\">\n<p class=\"has-text-align-center has-large-font-size\"><a href=\"https:\/\/www.hkborgen.no\/en\/the-greeting-board\/\" title=\"The Greeting Board\">The Greeting Board<\/a><\/p>\n<\/div><\/div>\n\n\n\n<div class=\"wp-block-cover\"><img loading=\"lazy\" decoding=\"async\" width=\"1440\" height=\"810\" class=\"wp-block-cover__image-background wp-image-42\" alt=\"\" src=\"https:\/\/www.hkborgen.no\/wp-content\/uploads\/2026\/02\/715f15f78c2109f29f3cf080f4c4573e5e385b10.jpg\" data-object-fit=\"cover\" srcset=\"https:\/\/www.hkborgen.no\/wp-content\/uploads\/2026\/02\/715f15f78c2109f29f3cf080f4c4573e5e385b10.jpg 1440w, https:\/\/www.hkborgen.no\/wp-content\/uploads\/2026\/02\/715f15f78c2109f29f3cf080f4c4573e5e385b10-300x169.jpg 300w, https:\/\/www.hkborgen.no\/wp-content\/uploads\/2026\/02\/715f15f78c2109f29f3cf080f4c4573e5e385b10-1024x576.jpg 1024w, https:\/\/www.hkborgen.no\/wp-content\/uploads\/2026\/02\/715f15f78c2109f29f3cf080f4c4573e5e385b10-768x432.jpg 768w, https:\/\/www.hkborgen.no\/wp-content\/uploads\/2026\/02\/715f15f78c2109f29f3cf080f4c4573e5e385b10-18x10.jpg 18w\" sizes=\"auto, (max-width: 1440px) 100vw, 1440px\" \/><span aria-hidden=\"true\" class=\"wp-block-cover__background has-background-dim\"><\/span><div class=\"wp-block-cover__inner-container is-layout-flow wp-block-cover-is-layout-flow\">\n<p class=\"has-text-align-center has-large-font-size\"><a href=\"https:\/\/www.hkborgen.no\/en\/3d-printed-elko-replacement-switch\/\" title=\"3D printed Elko replacement switch\">3D printed Elko replacement switch<\/a><\/p>\n<\/div><\/div>\n\n\n\n<div class=\"wp-block-cover\"><img loading=\"lazy\" decoding=\"async\" width=\"1440\" height=\"810\" class=\"wp-block-cover__image-background wp-image-42\" alt=\"\" src=\"https:\/\/www.hkborgen.no\/wp-content\/uploads\/2026\/02\/715f15f78c2109f29f3cf080f4c4573e5e385b10.jpg\" data-object-fit=\"cover\" srcset=\"https:\/\/www.hkborgen.no\/wp-content\/uploads\/2026\/02\/715f15f78c2109f29f3cf080f4c4573e5e385b10.jpg 1440w, https:\/\/www.hkborgen.no\/wp-content\/uploads\/2026\/02\/715f15f78c2109f29f3cf080f4c4573e5e385b10-300x169.jpg 300w, https:\/\/www.hkborgen.no\/wp-content\/uploads\/2026\/02\/715f15f78c2109f29f3cf080f4c4573e5e385b10-1024x576.jpg 1024w, https:\/\/www.hkborgen.no\/wp-content\/uploads\/2026\/02\/715f15f78c2109f29f3cf080f4c4573e5e385b10-768x432.jpg 768w, https:\/\/www.hkborgen.no\/wp-content\/uploads\/2026\/02\/715f15f78c2109f29f3cf080f4c4573e5e385b10-18x10.jpg 18w\" sizes=\"auto, (max-width: 1440px) 100vw, 1440px\" \/><span aria-hidden=\"true\" class=\"wp-block-cover__background has-background-dim\"><\/span><div class=\"wp-block-cover__inner-container is-layout-flow wp-block-cover-is-layout-flow\">\n<p class=\"has-text-align-center has-large-font-size\"><a href=\"https:\/\/www.hkborgen.no\/en\/find-ar\/\" title=\"Findar\">Findar<\/a><\/p>\n<\/div><\/div>\n<\/div>\n\n\n\n<div class=\"wp-block-column is-vertically-aligned-top is-layout-flow wp-container-core-column-is-layout-f5bb311e wp-block-column-is-layout-flow\">\n<div class=\"wp-block-cover\"><img loading=\"lazy\" decoding=\"async\" width=\"1440\" height=\"1020\" class=\"wp-block-cover__image-background wp-image-43\" alt=\"\" src=\"https:\/\/www.hkborgen.no\/wp-content\/uploads\/2026\/02\/f5401ef69fae8ccd1da00a7a9187c5ab8aed6965.jpg\" data-object-fit=\"cover\" srcset=\"https:\/\/www.hkborgen.no\/wp-content\/uploads\/2026\/02\/f5401ef69fae8ccd1da00a7a9187c5ab8aed6965.jpg 1440w, https:\/\/www.hkborgen.no\/wp-content\/uploads\/2026\/02\/f5401ef69fae8ccd1da00a7a9187c5ab8aed6965-300x213.jpg 300w, https:\/\/www.hkborgen.no\/wp-content\/uploads\/2026\/02\/f5401ef69fae8ccd1da00a7a9187c5ab8aed6965-1024x725.jpg 1024w, https:\/\/www.hkborgen.no\/wp-content\/uploads\/2026\/02\/f5401ef69fae8ccd1da00a7a9187c5ab8aed6965-768x544.jpg 768w, https:\/\/www.hkborgen.no\/wp-content\/uploads\/2026\/02\/f5401ef69fae8ccd1da00a7a9187c5ab8aed6965-18x12.jpg 18w\" sizes=\"auto, (max-width: 1440px) 100vw, 1440px\" \/><span aria-hidden=\"true\" class=\"wp-block-cover__background has-background-dim\"><\/span><div class=\"wp-block-cover__inner-container is-layout-flow wp-block-cover-is-layout-flow\">\n<p class=\"has-text-align-center has-large-font-size\"><a href=\"https:\/\/www.hkborgen.no\/en\/ar-to-relive-history\/\" title=\"AR to relive history\">AR to relive history<\/a><\/p>\n<\/div><\/div>\n\n\n\n<div class=\"wp-block-cover\"><img loading=\"lazy\" decoding=\"async\" width=\"1440\" height=\"956\" class=\"wp-block-cover__image-background wp-image-44\" alt=\"\" src=\"https:\/\/www.hkborgen.no\/wp-content\/uploads\/2026\/02\/6ced0899a22db53db01f75934928562d55911cf7.jpg\" data-object-fit=\"cover\" srcset=\"https:\/\/www.hkborgen.no\/wp-content\/uploads\/2026\/02\/6ced0899a22db53db01f75934928562d55911cf7.jpg 1440w, https:\/\/www.hkborgen.no\/wp-content\/uploads\/2026\/02\/6ced0899a22db53db01f75934928562d55911cf7-300x199.jpg 300w, https:\/\/www.hkborgen.no\/wp-content\/uploads\/2026\/02\/6ced0899a22db53db01f75934928562d55911cf7-1024x680.jpg 1024w, https:\/\/www.hkborgen.no\/wp-content\/uploads\/2026\/02\/6ced0899a22db53db01f75934928562d55911cf7-768x510.jpg 768w, https:\/\/www.hkborgen.no\/wp-content\/uploads\/2026\/02\/6ced0899a22db53db01f75934928562d55911cf7-18x12.jpg 18w\" sizes=\"auto, (max-width: 1440px) 100vw, 1440px\" \/><span aria-hidden=\"true\" class=\"wp-block-cover__background has-background-dim\"><\/span><div class=\"wp-block-cover__inner-container is-layout-flow wp-block-cover-is-layout-flow\">\n<p class=\"has-text-align-center has-large-font-size\"><a href=\"https:\/\/www.hkborgen.no\/en\/3d-printed-stove-knob-caps-for-visibility\/\" title=\"3D printed stove knob caps for visibility\">3D printed stove knob caps for visibility<\/a><\/p>\n<\/div><\/div>\n\n\n\n<div class=\"wp-block-cover\"><img loading=\"lazy\" decoding=\"async\" width=\"1440\" height=\"956\" class=\"wp-block-cover__image-background wp-image-44\" alt=\"\" src=\"https:\/\/www.hkborgen.no\/wp-content\/uploads\/2026\/02\/6ced0899a22db53db01f75934928562d55911cf7.jpg\" data-object-fit=\"cover\" srcset=\"https:\/\/www.hkborgen.no\/wp-content\/uploads\/2026\/02\/6ced0899a22db53db01f75934928562d55911cf7.jpg 1440w, https:\/\/www.hkborgen.no\/wp-content\/uploads\/2026\/02\/6ced0899a22db53db01f75934928562d55911cf7-300x199.jpg 300w, https:\/\/www.hkborgen.no\/wp-content\/uploads\/2026\/02\/6ced0899a22db53db01f75934928562d55911cf7-1024x680.jpg 1024w, https:\/\/www.hkborgen.no\/wp-content\/uploads\/2026\/02\/6ced0899a22db53db01f75934928562d55911cf7-768x510.jpg 768w, https:\/\/www.hkborgen.no\/wp-content\/uploads\/2026\/02\/6ced0899a22db53db01f75934928562d55911cf7-18x12.jpg 18w\" sizes=\"auto, (max-width: 1440px) 100vw, 1440px\" \/><span aria-hidden=\"true\" class=\"wp-block-cover__background has-background-dim\"><\/span><div class=\"wp-block-cover__inner-container is-layout-flow wp-block-cover-is-layout-flow\">\n<p class=\"has-text-align-center has-large-font-size\"><a href=\"https:\/\/www.hkborgen.no\/en\/3d-printed-stove-knob-caps-for-visibility\/\" title=\"3D printed stove knob caps for visibility\">Empty<\/a><\/p>\n<\/div><\/div>\n<\/div>\n<\/div>\n<\/div>","protected":false},"excerpt":{"rendered":"<p>Prosjektene mine Her kan du se de forskjellige prosjektene mine i l\u00f8pet av de siste \u00e5rene. Dette er et lite utvalg av prosjektene jeg har gjennomf\u00f8rt, enten som en del av utdanningen min, eller p\u00e5 eget initiativ.<\/p>","protected":false},"author":1,"featured_media":0,"parent":0,"menu_order":0,"comment_status":"closed","ping_status":"closed","template":"page-with-title","meta":{"pagelayer_contact_templates":[],"_pagelayer_content":"","footnotes":""},"class_list":["post-27","page","type-page","status-publish","hentry"],"aioseo_notices":[],"_links":{"self":[{"href":"https:\/\/www.hkborgen.no\/en\/wp-json\/wp\/v2\/pages\/27","targetHints":{"allow":["GET"]}}],"collection":[{"href":"https:\/\/www.hkborgen.no\/en\/wp-json\/wp\/v2\/pages"}],"about":[{"href":"https:\/\/www.hkborgen.no\/en\/wp-json\/wp\/v2\/types\/page"}],"author":[{"embeddable":true,"href":"https:\/\/www.hkborgen.no\/en\/wp-json\/wp\/v2\/users\/1"}],"replies":[{"embeddable":true,"href":"https:\/\/www.hkborgen.no\/en\/wp-json\/wp\/v2\/comments?post=27"}],"version-history":[{"count":8,"href":"https:\/\/www.hkborgen.no\/en\/wp-json\/wp\/v2\/pages\/27\/revisions"}],"predecessor-version":[{"id":175,"href":"https:\/\/www.hkborgen.no\/en\/wp-json\/wp\/v2\/pages\/27\/revisions\/175"}],"wp:attachment":[{"href":"https:\/\/www.hkborgen.no\/en\/wp-json\/wp\/v2\/media?parent=27"}],"curies":[{"name":"wp","href":"https:\/\/api.w.org\/{rel}","templated":true}]}}