{"id":25,"date":"2026-02-16T18:52:19","date_gmt":"2026-02-16T18:52:19","guid":{"rendered":"https:\/\/www.hkborgen.no\/about\/"},"modified":"2026-02-27T00:22:00","modified_gmt":"2026-02-27T00:22:00","slug":"om-meg","status":"publish","type":"page","link":"https:\/\/www.hkborgen.no\/en\/om-meg\/","title":{"rendered":"Om meg"},"content":{"rendered":"<div class=\"wp-block-group alignfull is-style-ext-preset--group--natural-1--section has-background-background-color has-background has-global-padding is-layout-constrained wp-container-core-group-is-layout-7276a2bb wp-block-group-is-layout-constrained\" style=\"margin-top:0;margin-bottom:0;padding-top:var(--wp--preset--spacing--60);padding-right:var(--wp--preset--spacing--30);padding-bottom:var(--wp--preset--spacing--60);padding-left:var(--wp--preset--spacing--30)\">\n<div class=\"wp-block-columns alignwide are-vertically-aligned-center is-layout-flex wp-container-core-columns-is-layout-47c06fe3 wp-block-columns-is-layout-flex\">\n<div class=\"wp-block-column is-vertically-aligned-center is-layout-flow wp-container-core-column-is-layout-f5bb311e wp-block-column-is-layout-flow\" style=\"flex-basis:50%\">\n<figure class=\"wp-block-image size-large is-style-ext-preset--image--natural-1--image-1--content-bottom is-style-ext-preset--image--natural-1--image-1--content-bottom--2\"><img loading=\"lazy\" decoding=\"async\" width=\"1024\" height=\"1024\" src=\"https:\/\/www.hkborgen.no\/wp-content\/uploads\/2026\/02\/fd991b6f-556a-4e45-b40b-25e325d300d9-1024x1024.jpg\" alt=\"\" class=\"wp-image-58\" style=\"aspect-ratio:1;object-fit:cover\" srcset=\"https:\/\/www.hkborgen.no\/wp-content\/uploads\/2026\/02\/fd991b6f-556a-4e45-b40b-25e325d300d9-1024x1024.jpg 1024w, https:\/\/www.hkborgen.no\/wp-content\/uploads\/2026\/02\/fd991b6f-556a-4e45-b40b-25e325d300d9-300x300.jpg 300w, https:\/\/www.hkborgen.no\/wp-content\/uploads\/2026\/02\/fd991b6f-556a-4e45-b40b-25e325d300d9-150x150.jpg 150w, https:\/\/www.hkborgen.no\/wp-content\/uploads\/2026\/02\/fd991b6f-556a-4e45-b40b-25e325d300d9-768x768.jpg 768w, https:\/\/www.hkborgen.no\/wp-content\/uploads\/2026\/02\/fd991b6f-556a-4e45-b40b-25e325d300d9-1536x1536.jpg 1536w, https:\/\/www.hkborgen.no\/wp-content\/uploads\/2026\/02\/fd991b6f-556a-4e45-b40b-25e325d300d9-2048x2048.jpg 2048w, https:\/\/www.hkborgen.no\/wp-content\/uploads\/2026\/02\/fd991b6f-556a-4e45-b40b-25e325d300d9-12x12.jpg 12w\" sizes=\"auto, (max-width: 1024px) 100vw, 1024px\" \/><\/figure>\n<\/div>\n\n\n\n<div class=\"wp-block-column is-vertically-aligned-center is-layout-flow wp-block-column-is-layout-flow\" style=\"flex-basis:60%\">\n<h2 class=\"wp-block-heading has-large-font-size\">Kristoffer Borgen<\/h2>\n\n\n\n<p style=\"margin-top:8px\">Interaction Designer<\/p>\n\n\n\n<p style=\"margin-top:16px\">Jeg er en nylig utdannet student innen interaksjons design. Jeg har alltid v\u00e6rt optatt av godt design, og er glad i \u00e5 gj\u00f8re hverdagen enklere for de rundt meg.<\/p>\n\n\n\n<ul class=\"wp-block-social-links has-normal-icon-size has-icon-color is-style-logos-only is-layout-flex wp-container-core-social-links-is-layout-ec7a6dbc wp-block-social-links-is-layout-flex\" style=\"margin-top:var(--wp--preset--spacing--30)\"><li style=\"color:#0B0620;\" class=\"wp-social-link wp-social-link-linkedin has-foreground-color wp-block-social-link\"><a href=\"https:\/\/www.linkedin.com\/in\/kristoffer-borgen-658208359?utm_source=share_via&#038;utm_content=profile&#038;utm_medium=member_android\" class=\"wp-block-social-link-anchor\"><svg width=\"24\" height=\"24\" viewbox=\"0 0 24 24\" version=\"1.1\" xmlns=\"http:\/\/www.w3.org\/2000\/svg\" aria-hidden=\"true\" focusable=\"false\"><path d=\"M19.7,3H4.3C3.582,3,3,3.582,3,4.3v15.4C3,20.418,3.582,21,4.3,21h15.4c0.718,0,1.3-0.582,1.3-1.3V4.3 C21,3.582,20.418,3,19.7,3z M8.339,18.338H5.667v-8.59h2.672V18.338z M7.004,8.574c-0.857,0-1.549-0.694-1.549-1.548 c0-0.855,0.691-1.548,1.549-1.548c0.854,0,1.547,0.694,1.547,1.548C8.551,7.881,7.858,8.574,7.004,8.574z M18.339,18.338h-2.669 v-4.177c0-0.996-0.017-2.278-1.387-2.278c-1.389,0-1.601,1.086-1.601,2.206v4.249h-2.667v-8.59h2.559v1.174h0.037 c0.356-0.675,1.227-1.387,2.526-1.387c2.703,0,3.203,1.779,3.203,4.092V18.338z\"><\/path><\/svg><span class=\"wp-block-social-link-label screen-reader-text\">LinkedIn<\/span><\/a><\/li>\n\n<li style=\"color:#0B0620;\" class=\"wp-social-link wp-social-link-facebook has-foreground-color wp-block-social-link\"><a href=\"https:\/\/www.facebook.com\/share\/1KMKjPmg2d\/\" class=\"wp-block-social-link-anchor\"><svg width=\"24\" height=\"24\" viewbox=\"0 0 24 24\" version=\"1.1\" xmlns=\"http:\/\/www.w3.org\/2000\/svg\" aria-hidden=\"true\" focusable=\"false\"><path d=\"M12 2C6.5 2 2 6.5 2 12c0 5 3.7 9.1 8.4 9.9v-7H7.9V12h2.5V9.8c0-2.5 1.5-3.9 3.8-3.9 1.1 0 2.2.2 2.2.2v2.5h-1.3c-1.2 0-1.6.8-1.6 1.6V12h2.8l-.4 2.9h-2.3v7C18.3 21.1 22 17 22 12c0-5.5-4.5-10-10-10z\"><\/path><\/svg><span class=\"wp-block-social-link-label screen-reader-text\">Facebook<\/span><\/a><\/li>\n\n<li style=\"color:#0B0620;\" class=\"wp-social-link wp-social-link-mail has-foreground-color wp-block-social-link\"><a href=\"mailto:HKB&#111;&#114;g&#101;n&#064;P&#114;o&#116;on&#109;&#097;&#105;l&#046;c&#111;m\" class=\"wp-block-social-link-anchor\"><svg width=\"24\" height=\"24\" viewbox=\"0 0 24 24\" version=\"1.1\" xmlns=\"http:\/\/www.w3.org\/2000\/svg\" aria-hidden=\"true\" focusable=\"false\"><path d=\"M19,5H5c-1.1,0-2,.9-2,2v10c0,1.1.9,2,2,2h14c1.1,0,2-.9,2-2V7c0-1.1-.9-2-2-2zm.5,12c0,.3-.2.5-.5.5H5c-.3,0-.5-.2-.5-.5V9.8l7.5,5.6,7.5-5.6V17zm0-9.1L12,13.6,4.5,7.9V7c0-.3.2-.5.5-.5h14c.3,0,.5.2.5.5v.9z\"><\/path><\/svg><span class=\"wp-block-social-link-label screen-reader-text\">Mail<\/span><\/a><\/li><\/ul>\n<\/div>\n<\/div>\n<\/div>","protected":false},"excerpt":{"rendered":"<p>Kristoffer Borgen Interaction Designer Jeg er en nylig utdannet student innen interaksjons design. Jeg har alltid v\u00e6rt optatt av godt design, og er glad i \u00e5 gj\u00f8re hverdagen enklere for de rundt meg.<\/p>","protected":false},"author":1,"featured_media":0,"parent":0,"menu_order":0,"comment_status":"closed","ping_status":"closed","template":"page-with-title","meta":{"pagelayer_contact_templates":[],"_pagelayer_content":"","footnotes":""},"class_list":["post-25","page","type-page","status-publish","hentry"],"aioseo_notices":[],"_links":{"self":[{"href":"https:\/\/www.hkborgen.no\/en\/wp-json\/wp\/v2\/pages\/25","targetHints":{"allow":["GET"]}}],"collection":[{"href":"https:\/\/www.hkborgen.no\/en\/wp-json\/wp\/v2\/pages"}],"about":[{"href":"https:\/\/www.hkborgen.no\/en\/wp-json\/wp\/v2\/types\/page"}],"author":[{"embeddable":true,"href":"https:\/\/www.hkborgen.no\/en\/wp-json\/wp\/v2\/users\/1"}],"replies":[{"embeddable":true,"href":"https:\/\/www.hkborgen.no\/en\/wp-json\/wp\/v2\/comments?post=25"}],"version-history":[{"count":5,"href":"https:\/\/www.hkborgen.no\/en\/wp-json\/wp\/v2\/pages\/25\/revisions"}],"predecessor-version":[{"id":169,"href":"https:\/\/www.hkborgen.no\/en\/wp-json\/wp\/v2\/pages\/25\/revisions\/169"}],"wp:attachment":[{"href":"https:\/\/www.hkborgen.no\/en\/wp-json\/wp\/v2\/media?parent=25"}],"curies":[{"name":"wp","href":"https:\/\/api.w.org\/{rel}","templated":true}]}}